{"id":1158,"date":"2021-11-30T10:58:01","date_gmt":"2021-11-30T10:58:01","guid":{"rendered":"https:\/\/borgomulinodacqua.cambiamarketing.it\/?page_id=1158"},"modified":"2022-01-18T11:20:02","modified_gmt":"2022-01-18T11:20:02","slug":"regolamento","status":"publish","type":"page","link":"https:\/\/mulinodacqua.com\/en\/regolamento\/","title":{"rendered":"Regulation"},"content":{"rendered":"<div data-elementor-type=\"wp-page\" data-elementor-id=\"1158\" class=\"elementor elementor-1158\" data-elementor-post-type=\"page\">\n\t\t\t\t\t\t<section class=\"elementor-section elementor-top-section elementor-element elementor-element-bcdc57c elementor-section-full_width elementor-section-height-default elementor-section-height-default\" data-id=\"bcdc57c\" data-element_type=\"section\" data-e-type=\"section\">\n\t\t\t\t\t\t<div class=\"elementor-container elementor-column-gap-default\">\n\t\t\t\t\t<div class=\"elementor-column elementor-col-100 elementor-top-column elementor-element elementor-element-78053e3\" data-id=\"78053e3\" data-element_type=\"column\" data-e-type=\"column\">\n\t\t\t<div class=\"elementor-widget-wrap elementor-element-populated\">\n\t\t\t\t\t\t<div class=\"elementor-element elementor-element-05e5358 elementor-widget elementor-widget-heading\" data-id=\"05e5358\" data-element_type=\"widget\" data-e-type=\"widget\" data-widget_type=\"heading.default\">\n\t\t\t\t<div class=\"elementor-widget-container\">\n\t\t\t\t\t<h2 class=\"elementor-heading-title elementor-size-default\">Regulation<\/h2>\t\t\t\t<\/div>\n\t\t\t\t<\/div>\n\t\t\t\t<div class=\"elementor-element elementor-element-e314113 elementor-widget elementor-widget-text-editor\" data-id=\"e314113\" data-element_type=\"widget\" data-e-type=\"widget\" data-widget_type=\"text-editor.default\">\n\t\t\t\t<div class=\"elementor-widget-container\">\n\t\t\t\t\t\t\t\t\t<p><strong><em>Il presente regolamento \u00e8 efficace dalla data di pubblicazione dello stesso, ogni modifica ad integrazione dello stesso verr\u00e0 tempestivamente resa nota al Cliente attraverso la pubblicazione sul <\/em><\/strong><\/p><p><strong><em>, in this regard we invite guests to read the rules at the time of booking confirmation. <\/em><\/strong><\/p><p>\u00a0<\/p><p>Art. 1<strong>. Sottoscrizione del contratto di soggiorno e disposizioni particolari<\/strong>. Le norme stabilite nel presente atto di regolamentazione del soggiorno sono state formulate allo scopo di creare le migliori condizioni per una civile convivenza caratterizzata dal rispetto per le reciproche esigenze e dal rispetto di ogni principio di buona convivenza. Pertanto, l&#8217;ingresso alla struttura ricettiva denominata &#8220;Borgo Mulino d&#8217;Acqua&#8221; \u00e8 subordinato al consenso della Direzione e all&#8217;accettazione del presente contratto di soggiorno in tutti i suoi punti da parte del Cliente: tale accettazione si perfeziona alla sottoscrizione da parte del Cliente della schedina di notifica, al momento dell&#8217;arrivo nella struttura o al momento della conferma della prenotazione.<\/p><p>\u00a0<\/p><p>Art.2. <strong>Check-in<\/strong>. All&#8217;arrivo nella struttura ogni Cliente dovr\u00e0 consegnare alla Direzione un valido e regolare documento d&#8217;identit\u00e0 che verr\u00e0 restituito una volta espletate le formalit\u00e0 dovute per la registrazione. La schedina di notifica verr\u00e0 sottoscritta dal capo equipaggio che diverr\u00e0 cos\u00ec il principale responsabile nei confronti del Mulino d&#8217;Acqua anche dei componenti del proprio equipaggio. Inoltre al Cliente verr\u00e0 richiesto il versamento di un deposito cauzionale pari ad \u20ac. 50,00 che verr\u00e0 restituito al termine del soggiorno previa verifica dell\u2019insussistenza di eventuali danni riscontrabili e che superino il normale utilizzo dell\u2019alloggio, e verifica dello stato della pulizia dello stesso. Laddove il Mulino d\u2019Acqua riscontrer\u00e0 eventuali danni o eccessivo degrado dell\u2019alloggio, potr\u00e0 trattenere la somma versata dal Cliente a titolo di deposito cauzionale ed eventualmente richiedere allo stesso la differenza se tale somma non risulta adeguata a coprire il costo dei danni subiti. <strong>Il Mulino d\u2019Acqua subordina<\/strong> <strong>la conclusione del contratto di soggiorno al versamento del deposito cauzionale<\/strong>.<\/p><p>Per quanto concerne l&#8217;arrivo <strong>after <\/strong>l&#8217;orario di apertura della reception \u00e8 obbligatorio avvisare per la consegna delle chiavi prima dell&#8217;orario di chiusura della reception.<\/p><p>Per gli arrivi oltre le 20:00 \u00e8 previsto un supplemento pari ad \u20ac 15,00.<\/p><p>Per la Zona Campeggio: l&#8217;occupazione del posto tenda e il numero di persone registrato all&#8217;arrivo verr\u00e0 conteggiato per tutto il periodo di permanenza dichiarato all&#8217;arrivo, senza tener conto di eventuali assenze per qualsiasi motivo. La scelta del posto in campo \u00e8 riservata alla Direzione del Mulino d&#8217;Acqua. Le segnalazioni dei Clienti in merito a preferenze di ubicazione nella zona campeggio non avranno carattere contrattuale o di assoluta garanzia, saranno vagliate secondo disponibilit\u00e0 e conformit\u00e0 ad ogni esigenza organizzativa della struttura ad insindacabile giudizio della Direzione. Non sono ammessi cambiamenti di posto tenda senza l&#8217;autorizzazione della Direzione. Il soggiorno dovr\u00e0 essere integralmente pagato dal Cliente al momento della registrazione, senza possibilit\u00e0 di rimborso per qualsiasi ragione. I Clienti, all&#8217;atto della registrazione verranno muniti di braccialetto identificativo e Pass auto che dovranno esibire ogniqualvolta la Direzione o il personale addetto ne faranno richiesta, chiunque ne risultasse sprovvisto dovr\u00e0 consegnare valido e regolare documento d&#8217;identit\u00e0 per consentire alla Direzione di effettuare gli opportuni controlli. Il Cliente potr\u00e0 ritirare successivamente in Direzione il proprio documento d&#8217;identit\u00e0.<\/p><p>Per la Zona villaggio: il Cliente all&#8217;arrivo, dopo aver preso visione dell&#8217;alloggio e dei suoi arredi, potr\u00e0 accedere alla struttura previa registrazione e previo pagamento del saldo del soggiorno, e versamento del deposito cauzionale, proporzionale alla tipologia dell&#8217;alloggio e dei suoi arredi. La stessa, salvo maggiore risarcimento per altri fatti o danni provocati durante il soggiorno, verr\u00e0 restituita in tutto e\/ o in parte, previa verifica, da parte del personale addetto, al momento della partenza. Il mancato pagamento o rifiuto del saldo del soggiorno e del versamento della cauzione autorizza la Direzione a rifiutare l &#8216;ingresso al Cliente e a trattenere l&#8217;eventuale caparra e\/o acconto.<\/p><p>\u00a0<\/p><p>Art.3.<strong>Animals<\/strong>. Gli animali, esclusivamente domestici e di piccola taglia (non superiori a 7Kg), sono ammessi nelle unit\u00e0 abitative espressamente indicate dalla Direzione. Differentemente, per quanto concerne, invece, la zona campeggio, sono ammessi anche animali di media taglia (non superiori a 20Kg). In ogni caso tutti gli animali devono essere obbligatoriamente tenuti al guinzaglio e con museruola e devono essere accompagnati fuori dalle aree comuni della struttura per i loro bisogni, con ogni opportuna precauzione volta alla pulizia (scopetta e sacchetto). In ogni caso \u00e8 obbligatoria la documentazione inerente l&#8217;animale. Non possono accedere in piscina, nella zona solarium \u00a0e nelle zone commerciali. In ordine ad eventuali danni causati dall&#8217;animale a terzi risponder\u00e0 esclusivamente il proprietario per mancata custodia, Il mancato rispetto di quanto previsto comporter\u00e0 l&#8217;allontanamento immediato del proprietario dell&#8217;animale dalla Struttura. E\u2019 fatto divieto per le entrate giornaliere di introdurre animali all\u2019interno della struttura per evidente incompatibilit\u00e0 a quanto sopra statuito.<\/p><p>\u00a0<\/p><p>Art.4. <strong>Minori di 18 anni<\/strong>. I minori di 18 anni sono ammessi soltanto se accompagnati da un genitore o, a discrezione della Direzione, da un adulto munito di regolare autorizzazione firmata in originale da un genitore e fotocopia di un documento d&#8217;identit\u00e0 dello stesso da allegare all&#8217;autorizzazione. In ogni caso non si accettano minori non accompagnati da almeno un maggiorenne. I minorenni devono essere sorvegliati dai genitori o dal maggiorenne che ne ha la responsabilit\u00e0 sia con riguardo all&#8217;incolumit\u00e0 del minorenne stesso che a quella di terzi. Per i danni eventualmente arrecati dal minorenne ad attrezzature, servizi o altro risponderanno esclusivamente i genitori o il maggiorenne che ne avr\u00e0 assunto la responsabilit\u00e0, salva ogni azione in via di legge. I bambini devono sempre essere accompagnati da un adulto nei servizi igienici e in ogni caso la loro vivacit\u00e0 e\/o esuberanza non potr\u00e0 in alcun modo andare a discapito della quiete dei Clienti della Struttura.<\/p><p>\u00a0<\/p><p>Art. 5 <strong>Mare<\/strong>. Il Mulino d\u2019Acqua \u00e8 ubicato a ridosso del demanio e permette di godere della vista del mare, senza potersi addentrare in adiacenza del costone, n\u00e9 tantomeno raggiungerlo. Nello specifico, in virt\u00f9 di ordinanze e regolamenti in vigore del Comune di Otranto e degli Enti preposti alla sicurezza nello specchio d\u2019acqua prospiciente il costone \u00e8 fatto divieto di balneazione e di ogni altra attivit\u00e0 per pericolo di crolli. Pertanto, i clienti della struttura che, edotti di tale divieto assoluto, dovessero superare l\u2019area di propriet\u00e0 per raggiungere il demanio o il mare sono consapevoli e adeguatamente informati fin dalla sottoscrizione del presente di infrangere le norme vigenti, comprese, quelle sopra richiamate, e risponderanno del loro comportamento dinanzi alle Autorit\u00e0 preposte personalmente. Inoltre, si informa la Clientela che vi \u00e8 apposita cartellonistica di delimitazione dell\u2019area di propriet\u00e0 della struttura; al di fuori della stessa la societ\u00e0 proprietaria non ha nessuna facolt\u00e0, n\u00e9 potere di impedire comportamenti che dovessero arrecare danni a se stessi, a terzi, o infrangere i divieti di balneazione, pesca, e quant\u2019altro avvenga al di fuori dell\u2019area in propriet\u00e0.<\/p><p>\u00a0<\/p><p>Art.6. <strong>Tariffs<\/strong>. Le tariffe esposte si intendono giornaliere indipendentemente dall&#8217;ora di arrivo, e sar\u00e0 calcolato anche il giorno di partenza se questa avverr\u00e0 dopo le ore 12:00. In particolare per la zona campeggio, le partenze dovranno avvenire entro le 12:00 mentre l&#8217;accesso nella zona campeggio dovr\u00e0 rispettare le modalit\u00e0 e gli orari espressamente indicati dalla Direzione mediante l&#8217;affissione in bacheca. Per quanto riguarda la zona villaggio, invece, gli alloggi vengono consegnati dalle 17:00 e il Cliente dovr\u00e0 lasciarli entro le 10:00 del giorno di partenza. La Direzione si riserva di variare le tariffe nel caso di cambio delle normative. Per le partenze del sabato e della domenica \u00e8 obbligatorio il pagamento del late check-out che corrisponde ad un ingresso giornaliero.<\/p><p>\u00a0<\/p><p>Art.7. <strong>Auto<\/strong>. Le autovetture e qualunque altro veicolo a motore potr\u00e0 transitare nella zona campeggio esclusivamente per il carico e lo scarico dei bagagli all&#8217;arrivo e alla partenza ed esclusivamente negli orari espressamente indicati dalla Direzione. I veicoli dovranno procedere a velocit\u00e0 molto moderata rispettando la segnaletica predisposta all&#8217;interno della Struttura. Alle autovetture \u00e8 riservata una zona parcheggio aperta 24 ore su 24 non custodita, pertanto eventuali danni o furti alle stesse non potranno essere assolutamente imputabili al Mulino d&#8217;Acqua. Ogni veicolo sar\u00e0 munito di PASS AUTO che dovr\u00e0 essere esposto e ben visibile al personale del Mulino d&#8217;Acqua. Nel caso di smarrimento e\/o altro del suddetto PASS il personale della Struttura \u00e8 autorizzato al ritiro del documento del conducente i l veicolo per poter espletare i dovuti controlli. E&#8217; vietato parcheggiare le proprie autovetture nelle zone espressamente indicate dalla Direzione.<\/p><p>\u00a0<\/p><p>Art. 8 <strong>Visitatori<\/strong>. I visitatori sono ammessi soltanto previa autorizzazione della Direzione e dopo aver consegnato regolare documento d&#8217;identit\u00e0 per un massimo di 15 minuti di permanenza nella Struttura ed esclusivamente durante gli orari di apertura della Direzione. Per quanto concerne gli ospiti dei Clienti del Mulino d&#8217;Acqua, gli stessi devono effettuare regolare registrazione e per gli stessi sono responsabili i Clienti per i quali sono ospiti che risponderanno di un eventuale protrarsi della permanenza e del conseguente addebito del costo della giornata. Per chiunque si trovi all&#8217;interno della Struttura senza regolare registrazione o senza aver esibito un documento d&#8217;identit\u00e0 all&#8217;entrata verr\u00e0 segnalato per tale azione all&#8217;autorit\u00e0 competente con ogni conseguenza di legge.<\/p><p>\u00a0<\/p><p>Art.9. <strong>Ospiti giornalieri<\/strong>. Gli ospiti giornalieri, previa registrazione, possono accedere alla Struttura esclusivamente a discrezione della Direzione e alle tariffe indicate sul tariffario stagionale, unicamente negli orari dalle 8:00 alle 20:00, <strong>non \u00e8 possibile per gli ospiti giornalieri introdurre animali all\u2019interno della Struttura, <\/strong>\u00a0<strong>sono inoltre \u00a0vietati i pic-nic e\/o introdurre borse frigo e\/o cibo nella Struttura e introdurre lettini e\/o ombrelloni propri.<\/strong><\/p><p>\u00a0<\/p><p>Art.10 <strong>Divieti<\/strong>. I Clienti devono rispettare la quiete altrui adottando un comportamento e un tono di voce consono, in particolare negli orari riservati al riposo (dalle 13:00 alle 16:00 e dalle 24:00 alle 8:00). Durante questi orari \u00e8 vietato l&#8217;uso dei veicoli a motori e\/o di ogni altra fonte di rumore (radio, tv ecc.\u2026). E&#8217; altres\u00ec VIETATO:<\/p><p>&#8211; Gettare rifiuti furori dagli appositi contenitori nel rispetto delle vigenti norme in materia di raccolta differenziata<\/p><p>&#8211; Gettare mozziconi di sigarette sul terreno<\/p><p>&#8211; Lavare o lavarsi alle fontanelle di acqua potabile disposte nella Struttura<\/p><p>&#8211; Usare l&#8217;acqua per il lavaggio di autovetture e\/o altro<\/p><p>&#8211; Fare gavettoni<\/p><p>&#8211; Scavare buche nel terreno<\/p><p>&#8211; Stendere fili da un albero all&#8217;altro ad altezza d&#8217;uomo e\/o erigere recinzioni<\/p><p>&#8211; Stendere teli ombreggianti<\/p><p>&#8211; Arrecare danni alla vegetazione<\/p><p>&#8211; Accendere fuochi liberi all&#8217;interno della struttura o in spiaggia<\/p><p>&#8211; L&#8217;utilizzo di barbecue che non siano sopraelevati di almeno 60 cm dal terreno<\/p><p>&#8211; Atti vandalici alle attrezzature del campeggio sia mobili che fisse<\/p><p>&#8211; Giocare con il pallone negli spazi non destinati al gioco<\/p><p>Il mancato rispetto di tali divieti autorizza la Direzione all&#8217;immediato allontanamento del trasgressore dalla Struttura, salvo ogni ulteriore responsabilit\u00e0 che dovesse emergere dal comportamento molesto a cagione di persone e\/o cose.<\/p><p>\u00a0<\/p><p>Art.11. <strong>Eventi particolari e after hour<\/strong>. La Direzione, nel corso della stagione, avr\u00e0 la facolt\u00e0 di organizzare eventi particolari (feste, concerti, after hour o altro) che <strong>potranno protrarsi oltre le ore 24:00 sino a notte inoltrata. <\/strong><\/p><p>\u00a0<\/p><p>Art. 12 <strong>Camper service<\/strong>. Lo scarico dei WC chimici e delle acque residue \u00e8 autorizzato soltanto negli appositi scarichi posizionati all&#8217;interno della Struttura e segnalati, oppure presso il &#8220;camper service&#8221; negli orari indicati dalla Direzione e segnalati in bacheca.<\/p><p>\u00a0<\/p><p>Art. 13. <strong>Mal tempo, forza maggiore<\/strong>. Il Mulino d&#8217;Acqua declina ogni responsabilit\u00e0 per oggetti o valori smarriti o perduti o rubati, per danni a persone o cose non dipendenti da diretta negligenza del personale della Struttura; per danni, disservizi e guasti causati dal maltempo o forza maggiore. In particolare l&#8217;uso delle attrezzature sportive \u00e8 a rischio e pericolo dei Clienti. Inoltre la Scogliera Mulino d&#8217;Acqua e la direzione del Mulino d&#8217;Acqua e il personale del campeggio sono sollevati da qualsivoglia responsabilit\u00e0 morale materiale per ogni danno a persone o cose sul terreno, sulle strade limitrofe, e sugli accessi al campeggio stesso.<\/p><p>\u00a0<\/p><p>Art. 14 <strong>Swimming pool<\/strong>. Il servizio assistenza bagnanti in piscina \u00e8 assicurato soltanto durante le ore di apertura della piscina, negli orari di chiusura \u00e8 vietato l&#8217;uso della piscina. Non \u00e8 ammessa l&#8217;occupazione del lettino o sdraio in piscina con qualsiasi tipo di oggetto e\/o salvietta per pi\u00f9 di 30 minuti; il personale \u00e8 autorizzato a rimuovere tali oggetti. Non \u00e8 consentito l&#8217;utilizzo di ombrelloni e\/o sdraio privati.<\/p><p>\u00a0<\/p><p>Art. 15. <strong>Lunch at the pool. <\/strong><\/p><p>Non \u00e8 ammesso consumare pasti al bordo piscina, ne introdurre all&#8217;interno della struttura piatti preparati altrove.<\/p><p>\u00a0<\/p><p>Art. 16 <strong>Malattie<\/strong>. Ogni malattia infettiva e\/o contagiosa deve essere immediatamente segnalata alla Direzione.<\/p><p>\u00a0<\/p><p>Art.17. <strong>Water. <\/strong>Onde evitare sprechi di acqua, tenuto conto delle sollecitazioni che giungono all&#8217;Ente distributore, la Direzione si riserva di adottare le misure restrittive idonee per una corretta fruizione dell&#8217;acqua all&#8217;interno della Struttura.<\/p><p>\u00a0<\/p><p>Art.18.<strong>Energia elettrica. <\/strong>L&#8217;attacco all&#8217;energia elettrica deve essere acquistato al momento dell&#8217;arrivo nella struttura e viene conteggiato per tutta la durata del soggiorno. L&#8217;allacciamento elettrico di ogni mezzo di pernottamento dei Clienti dovr\u00e0 essere preventivamente dichiarato alla Direzione. Tutti gli impianti elettrici devono essere utilizzati correttamente. I collegamenti alle colonnine di alimentazione devono essere effettuati con materiale idoneo cos\u00ec come tutte le apparecchiature personali. Il personale del campeggio \u00e8 autorizzato a staccare e segnalare alla Direzione ogni impianto non rispettoso delle norme. Su ogni attacco \u00e8 riportata la potenza in watt pertanto \u00e8 vietato utilizzare apparecchiature che assorbano i watt oltre quelli disponibili. Nei corpi servizi, ben segnalati, sono segnalate prese per la corrente per asciugacapelli, rasoi elettrici, ferri da stiro: l&#8217;improprio utilizzo degli stessi potrebbe comportare il black-out del corpo sevizio e conseguente disservizio.<\/p><p>\u00a0<\/p><p>Art. 19. <strong>Reservations. <\/strong>Le prenotazioni possono essere effettuate tramite e- mail e si considerano confermate soltanto dopo il ricevimento dell&#8217;accredito della caparra sul conto indicato dalla Scogliera Mulino d&#8217;Acqua per un importo del 30% del totale del soggiorno e successiva conferma di prenotazione da parte della Struttura e dopo aver compilato in tutte le sue parti il modulo inviato dalla struttura per l\u2019acquisizione dei dati persoanli dei componenti l\u2019equipaggio . La prenotazione si intende nominativa ed \u00e8 valida esclusivamente per l&#8217;intestatario della prenotazione stessa i cui dati vengono indicati nel contratto di prenotazione che Scogliera Mulino d&#8217;Acqua invia per la conferma. Nella &#8220;conferma di prenotazione&#8221; verranno indicati: tipologia dell&#8217;alloggio, data di arrivo e data di partenza, importo della caparra accreditata e saldo del soggiorno comprensivi di eventuali servizi extra richiesti. Il Cliente dal ricevimento della &#8220;conferma di disponibilit\u00e0&#8221; ha 3 giorni di tempo per poter versare alla Struttura la caparra. Con la sottoscrizione del della prenotazione il Cliente accetta le condizioni di prenotazione, il listino prezzi vigente, il regolamento e disposizioni particolari del Mulino d&#8217;Acqua. In caso di interruzione del soggiorno o di riduzione del periodo prenotato, per ritardato arrivo o anticipata partenza, per qualsiasi causa o ragione, non sono ammessi rimborsi. Il Cliente prenotato \u00e8 tenuto ad avvisare nell&#8217;eventualit\u00e0 di ritardato arrivo: trascorso un giorno successivo alla data di arrivo, la Direzione si riserva il diritto di annullare la prenotazione senza alcun obbligo di risarcimento e\/o rimborso, trattenendo la caparra integralmente e riservandosi di poter utilizzare l&#8217;alloggio. <strong>L&#8217;importo dei soggiorni prenotati devono inderogabilmente essere saldati in loco al momento dell&#8217;arrivo in Struttura. <\/strong><\/p><p>\u00a0<\/p><p>Art.20. <strong>Disdette<\/strong>. Le disdette si accettano esclusivamente per raccomandata, se pervenute entro 45 giorni dalla data di arrivo indicata nella conferma di prenotazione il Cliente avr\u00e0 diritto al rimborso del 50% della caparra inviata; nel caso di mancata o tardiva comunicazione della disdetta nei modi e nei tempi indicati nel presente regolamento al Cliente non verr\u00e0 effettuato alcun rimborso.<\/p><p>\u00a0<\/p><p>Art. 21. <strong>Last minute e offerte promozionali<\/strong>. Eventuali iniziative promozionali promosse dal Mulino d&#8217;Acqua successivamente alla pubblicazione dei tariffari e delle disposizioni particolari, non possono essere cumulate con altre e non possono avere valore retroattivo alla data della loro pubblicazione ed essendo soggette a disponibilit\u00e0 limitata la Direzione si riserva di poterle annullare.<\/p><p>\u00a0<\/p><p>Art.22.<strong>Modifiche del regolamento<\/strong>. La Direzione si riserva di modificare in qualsiasi momento il presente Regolamento, che verr\u00e0 esposto all&#8217;ingresso della Struttura. Il presente regolamento annulla e sostituisce i precedenti ed entra in vigore il 1\u00b0 gennaio 2022.<\/p><p>\u00a0<\/p><p>Art.23. <strong>Controversie<\/strong>. In caso di controversie tra l&#8217;Ospite e la Direzione, come nei casi che prevedono gi\u00e0 la facolt\u00e0 di espulsione, la Direzione avr\u00e0 la facolt\u00e0 di recedere dal contratto di soggiorno ed allontanare il Cliente qualora la sua permanenza determini, a suo insindacabile giudizio, situazioni di disturbo agli altri Ospiti del Mulino d&#8217;Acqua o intralci il lavoro della Direzione e dei suoi collaboratori. Nessun rimborso verr\u00e0 riconosciuto per il periodo di soggiorno non goduto dall&#8217;Ospite espulso. Per qualsiasi controversia innanzi alle Autorit\u00e0 Giudiziali sar\u00e0 competente esclusivamente il Foro di Lecce.<\/p><p>\u00a0<\/p><p>\u00a0<\/p><p><strong>Trattamento dati personali. <\/strong>\u00a0I clienti, salvo espresso divieto scritto, acconsentono al trattamento dei dati personali, che comprendono anche le eventuali immagini della struttura o di parti della stessa in cui vengono ritratte attivit\u00e0 o paesaggi nelle quali dovessero riconoscersi. Inoltre, acconsentono espressamente all\u2019invio di materiale promozionale della struttura, compresa scontistica, fornendo la propria mail e numero di telefono. E\u2019 fatto sempre salvo il diniego al consenso per detta attivit\u00e0 promozionale tramite comunicazione scritta in cui si fa presente il mancato consenso alla ricezione di quanto sopra o riportando espressamente la dicitura \u201cnon consento\u201din calce alla presente clausola con a seguito la propria firma.<\/p><p><strong>\u00a0<\/strong><\/p><p><strong>\u00a0LA DIREZIO<\/strong><strong>NE DEL BORGO MULINO D&#8217;ACQUA.\u00a0<\/strong><\/p>\t\t\t\t\t\t\t\t<\/div>\n\t\t\t\t<\/div>\n\t\t\t\t\t<\/div>\n\t\t<\/div>\n\t\t\t\t\t<\/div>\n\t\t<\/section>\n\t\t\t\t<\/div>","protected":false},"excerpt":{"rendered":"<p>Regolamento Il presente regolamento \u00e8 efficace dalla data di pubblicazione dello stesso, ogni modifica ad integrazione dello stesso verr\u00e0 tempestivamente resa nota al Cliente attraverso la pubblicazione sul Sito ufficiale della Struttura, a questo proposito si invita la gentile clientela a prendere visione del regolamento al momento della conferma di prenotazione. \u00a0 Art. 1. Sottoscrizione [&hellip;]<\/p>\n","protected":false},"author":1,"featured_media":0,"parent":0,"menu_order":0,"comment_status":"closed","ping_status":"closed","template":"","meta":{"footnotes":""},"class_list":["post-1158","page","type-page","status-publish","hentry"],"_links":{"self":[{"href":"https:\/\/mulinodacqua.com\/en\/wp-json\/wp\/v2\/pages\/1158","targetHints":{"allow":["GET"]}}],"collection":[{"href":"https:\/\/mulinodacqua.com\/en\/wp-json\/wp\/v2\/pages"}],"about":[{"href":"https:\/\/mulinodacqua.com\/en\/wp-json\/wp\/v2\/types\/page"}],"author":[{"embeddable":true,"href":"https:\/\/mulinodacqua.com\/en\/wp-json\/wp\/v2\/users\/1"}],"replies":[{"embeddable":true,"href":"https:\/\/mulinodacqua.com\/en\/wp-json\/wp\/v2\/comments?post=1158"}],"version-history":[{"count":20,"href":"https:\/\/mulinodacqua.com\/en\/wp-json\/wp\/v2\/pages\/1158\/revisions"}],"predecessor-version":[{"id":1931,"href":"https:\/\/mulinodacqua.com\/en\/wp-json\/wp\/v2\/pages\/1158\/revisions\/1931"}],"wp:attachment":[{"href":"https:\/\/mulinodacqua.com\/en\/wp-json\/wp\/v2\/media?parent=1158"}],"curies":[{"name":"wp","href":"https:\/\/api.w.org\/{rel}","templated":true}]}}