{"id":3,"date":"2021-11-26T13:45:19","date_gmt":"2021-11-26T13:45:19","guid":{"rendered":"https:\/\/borgomulinodacqua.cambiamarketing.it\/?page_id=3"},"modified":"2021-12-15T08:17:40","modified_gmt":"2021-12-15T08:17:40","slug":"privacy-policy","status":"publish","type":"page","link":"https:\/\/mulinodacqua.com\/en\/privacy-policy\/","title":{"rendered":"Privacy Policy"},"content":{"rendered":"<p>La presente informativa \u00e8 redatta sulla base di molteplici ordinamenti legislativi, inclusi gli artt. 13 e 14 del Regolamento (UE) 2016\/679 e spiega in che modo utilizziamo e gestiamo i tuoi dati personali. Ti spiegheremo anche come contattarci in caso tu abbia domande a proposito dei tuoi dati personali.<\/p>\n\n\n\n<p><strong>Titolare del Trattamento dei Dati<\/strong><\/p>\n\n\n\n<p>SCOGLIERA MULINO D&#8217;ACQUA SRL<\/p>\n\n\n\n<p>Sede Legale: Via Vicinale Santo Stefano 73028 Otranto LE<\/p>\n\n\n\n<p>Email:\u00a0<a href=\"mailto:info@mulinodacqua.it\">info@mulinodacqua.it<\/a><\/p>\n\n\n\n<p><strong>Responsabile del Trattamento dei Dati<\/strong><\/p>\n\n\n\n<p>RSCOGLIERA MULINO D&#8217;ACQUA SRL<\/p>\n\n\n\n<p>Sede Legale: Via Francesco di Paola, 30Otranto\u00a073028 LE<\/p>\n\n\n\n<p><strong>Definizioni<\/strong><\/p>\n\n\n\n<p><strong>Responsabile del Trattamento (o Responsabile)<\/strong><\/p>\n\n\n\n<p>La persona fisica, giuridica, la pubblica amministrazione e qualsiasi altro ente, associazione od organismo preposti dal Titolare al trattamento dei Dati Personali, secondo quanto predisposto dalla presente privacy policy.<\/p>\n\n\n\n<p><strong>Titolare del Trattamento (o Titolare)<\/strong><\/p>\n\n\n\n<p>La persona fisica o giuridica, l\u2019autorit\u00e0 pubblica, il servizio o altro organismo che, singolarmente o insieme ad altri, determina le finalit\u00e0 e i mezzi del trattamento di dati personali e gli strumenti adottati, ivi comprese le misure di sicurezza relative al funzionamento ed alla fruizione di questa Applicazione. Il Titolare del Trattamento, salvo quanto diversamente specificato, \u00e8 il titolare di questa Applicazione.<\/p>\n\n\n\n<p><strong>Utente<\/strong><\/p>\n\n\n\n<p>L\u2019individuo che utilizza questa Applicazione, che deve coincidere con l\u2019Interessato o essere da questo autorizzato ed i cui Dati Personali sono oggetto del trattamento.<\/p>\n\n\n\n<p><strong>Interessato<\/strong><\/p>\n\n\n\n<p>La persona fisica o giuridica cui si riferiscono i Dati Personali.<\/p>\n\n\n\n<p><strong>Dati personali (o Dati)<\/strong><\/p>\n\n\n\n<p>Costituisce dato personale qualunque informazione relativa a persona fisica, identificata o identificabile, anche indirettamente, mediante riferimento a qualsiasi altra informazione, ivi compreso un numero di identificazione personale.<\/p>\n\n\n\n<p><strong>Dati di Utilizzo<\/strong><\/p>\n\n\n\n<p>Sono le informazioni raccolte in maniera automatica da questa Applicazione (o dalle applicazioni di parti terze che questa Applicazione utilizza), tra i quali: gli indirizzi IP o i nomi a dominio dei computer utilizzati dall\u2019Utente che si connette con questa Applicazione, gli indirizzi in notazione URI (Uniform Resource Identifier), l\u2019orario della richiesta, il metodo utilizzato nel sottoporre la richiesta al server, la dimensione del file ottenuto in risposta, il codice numerico indicante lo stato della risposta dal server (buon fine, errore, ecc.) il Paese di provenienza, le caratteristiche del browser e del sistema operativo utilizzati dal visitatore, le varie connotazioni temporali della visita (ad esempio il tempo di permanenza su ciascuna pagina) e i dettagli relativi all\u2019itinerario seguito all\u2019interno dell\u2019Applicazione, con particolare riferimento alla sequenza delle pagine consultate, ai parametri relativi al sistema operativo e all\u2019ambiente informatico dell\u2019Utente.<\/p>\n\n\n\n<p><strong>Questa Applicazione<\/strong><\/p>\n\n\n\n<p>Lo strumento hardware o software mediante il quale sono raccolti i Dati Personali degli Utenti.<\/p>\n\n\n\n<p><strong>Servizio<\/strong><\/p>\n\n\n\n<p>Il Servizio fornito da questa Applicazione cos\u00ec come definito nei relativi termini (se presenti) su questo sito\/applicazione.<\/p>\n\n\n\n<p><strong>Cookie<\/strong><\/p>\n\n\n\n<p>Piccola porzione di dati conservata all\u2019interno del dispositivo dell\u2019Utente.<\/p>\n\n\n\n<p><strong>Cookie policy<\/strong><\/p>\n\n\n\n<p>I Cookie sono informazioni installate all\u2019interno del browser quando visiti un sito web o utilizzi un social network con il tuo pc, tablet o smartphone. Ogni Cookie contiene diverse informazioni che assistono il Titolare nell\u2019erogazione del servizio in base alle finalit\u00e0 descritte. I Cookie possono rimanere nel sistema per la durata di una sessione (cio\u00e8 quando il browser viene chiuso) o per un periodo di tempo prolungato. Alcune delle finalit\u00e0 di installazione potrebbero necessitare del consenso dell\u2019Utente.<\/p>\n\n\n\n<p><strong>Come posso controllare i Cookie?<\/strong><\/p>\n\n\n\n<p>Tramite le preferenze del browser l\u2019Utente ha la possibilit\u00e0 di gestire le preferenze relative ai Cookie direttamente all\u2019interno del proprio browser ed impedire che terze parti possano installarne. \u00c8 importante notare che disabilitando tutti i Cookie, il funzionamento di questo sito potrebbe risultarne compromesso.<\/p>\n\n\n\n<p><strong>Maggiori informazioni sulla pubblicit\u00e0 online<\/strong><\/p>\n\n\n\n<p>Per maggiori informazioni sul modo in cui le aziende di solito usano i cookie e sulle scelte disponibili, puoi consultare le risorse seguenti:<\/p>\n\n\n\n<ul class=\"wp-block-list\"><li><a href=\"http:\/\/www.aboutads.info\/choices\/\" target=\"_blank\" rel=\"noreferrer noopener\">Digital Advertising Alliance<\/a><\/li><li><a href=\"http:\/\/youradchoices.ca\/\" target=\"_blank\" rel=\"noreferrer noopener\">Digital Advertising Alliance of Canada<\/a><\/li><li><a href=\"http:\/\/www.youronlinechoices.eu\/\" target=\"_blank\" rel=\"noreferrer noopener\">European Interactive Digital Advertising Alliance<\/a><\/li><\/ul>\n\n\n\n<p><strong>Opzione di controllo dei cookie del browser<\/strong><\/p>\n\n\n\n<p>Inoltre, il browser o il dispositivo possono contenere impostazioni che ti permettono di scegliere se impostare i cookie e di eliminarli. Per maggiori informazioni su queste opzioni di controllo, consulta i materiali di assistenza del browser o del dispositivo.<\/p>\n\n\n\n<p><strong>Perch\u00e9 usiamo i cookie?<\/strong><\/p>\n\n\n\n<p>I cookie ci consentono di fornire, proteggere e migliorare il Servizio, ad esempio personalizzando i contenuti e fornendo un\u2019esperienza pi\u00f9 sicura. Anche se i cookie che usiamo potrebbero subire delle variazioni periodiche in seguito al miglioramento e all\u2019aggiornamento del Servizio, usiamo i cookie per le seguenti finalit\u00e0:<\/p>\n\n\n\n<p><strong>Attivit\u00e0 strettamente necessarie al funzionamento<\/strong><\/p>\n\n\n\n<p>Questa Applicazione utilizza Cookie di sessione per svolgere attivit\u00e0 strettamente necessarie al funzionamento della stessa.<\/p>\n\n\n\n<p><strong>Attivit\u00e0 di salvataggio delle preferenze, ottimizzazione e statistica<\/strong><\/p>\n\n\n\n<p>Questa Applicazione utilizza Cookie per salvare le preferenze dell\u2019Utente ed ottimizzare l\u2019esperienza di navigazione riducendo i tempi di attesa. Fra questi Cookie rientrano, ad esempio, quelli per impostare la lingua e la valuta, le informazioni di login a sezioni private o per la gestione di statistiche da parte del Titolare del sito.<\/p>\n\n\n\n<p><strong>Funzioni e servizi del sito<\/strong><\/p>\n\n\n\n<p>Usiamo i cookie per abilitare le funzionalit\u00e0 che ci consento di fornire il Servizio. Per maggiori dettagli consulta la sezione Dettagli sul trattamento dei Dati Personali.<\/p>\n\n\n\n<p><strong>Dettagli sul trattamento dei Dati Personali<\/strong><\/p>\n\n\n\n<p>I Dati Personali sono raccolti per le seguenti finalit\u00e0 ed utilizzando i seguenti servizi:<\/p>\n\n\n\n<p><strong>Registrazione e autenticazione<\/strong><\/p>\n\n\n\n<p>Con la registrazione o l\u2019autenticazione l\u2019Utente consente all\u2019Applicazione di indentificarlo e di dargli accesso a servizi dedicati.<\/p>\n\n\n\n<p><strong>Facebook Authentication (Facebook Inc.)<\/strong><\/p>\n\n\n\n<p>Facebook Authentication \u00e8 un servizio di registrazione ed autenticazione fornito da Facebook Inc. e collegato al social network Facebook.<\/p>\n\n\n\n<ul class=\"wp-block-list\"><li>&nbsp;Dati personali raccolti: Profilo pubblico e Email<\/li><li>&nbsp;Luogo del trattamento 1601 Willow Road Menlo Park \u2013 CA 94025 USA<\/li><li>&nbsp;<a href=\"https:\/\/it-it.facebook.com\/help\/223184117694507\" target=\"_blank\" rel=\"noreferrer noopener\">dettagli servizio<\/a><\/li><li>&nbsp;<a href=\"https:\/\/www.facebook.com\/about\/privacy\/\" target=\"_blank\" rel=\"noreferrer noopener\">normativa privacy<\/a><\/li><\/ul>\n\n\n\n<p><strong>Google OAuth (Google Inc.)<\/strong><\/p>\n\n\n\n<p>Google OAuth \u00e8 un servizio di registrazione ed autenticazione fornito da Google Inc. e collegato alla rete di Google.<\/p>\n\n\n\n<ul class=\"wp-block-list\"><li>&nbsp;Dati personali raccolti: Profilo pubblico e Email<\/li><li>&nbsp;Luogo del trattamento: 1600 Amphitheatre Parkway Mountain View \u2013 CA94043 USA<\/li><li>&nbsp;<a href=\"https:\/\/developers.google.com\/identity\/protocols\/OAuth2\" target=\"_blank\" rel=\"noreferrer noopener\">dettagli servizio<\/a><\/li><li>&nbsp;<a href=\"http:\/\/www.google.com\/intl\/it\/policies\/privacy\/\" target=\"_blank\" rel=\"noreferrer noopener\">normativa privacy<\/a><\/li><li>&nbsp;<a href=\"https:\/\/tools.google.com\/dlpage\/gaoptout?hl=it\" target=\"_blank\" rel=\"noreferrer noopener\">revoca<\/a><\/li><\/ul>\n\n\n\n<p><strong>Gestione dei pagamenti<\/strong><\/p>\n\n\n\n<p>I servizi di gestione dei pagamenti permettono a questa Applicazione di processare pagamenti tramite carta di credito, bonifico bancario o altri strumenti. I dati utilizzati per il pagamento vengono acquisiti direttamente dal gestore del servizio di pagamento richiesto senza essere in alcun modo trattati da questa Applicazione. Alcuni di questi servizi potrebbero inoltre permettere l\u2019invio programmato di messaggi all\u2019Utente, come email contenenti fatture o notifiche riguardanti il pagamento.<\/p>\n\n\n\n<p><strong>PayPal (PayPal)<\/strong><\/p>\n\n\n\n<p>PayPal \u00e8 un servizio di pagamento fornito da PayPal Inc., che consente all\u2019Utente di effettuare pagamenti online utilizzando le proprie credenziali PayPal.<\/p>\n\n\n\n<ul class=\"wp-block-list\"><li>&nbsp;Dati personali raccolti: Varie tipologie di Dati secondo quanto specificato dalla privacy policy del servizio<\/li><li>&nbsp;<a href=\"https:\/\/www.paypal.com\/webapps\/mpp\/ua\/privacy-full\" target=\"_blank\" rel=\"noreferrer noopener\">normativa privacy<\/a><\/li><\/ul>\n\n\n\n<p><strong>Visualizzazione di contenuti da piattaforme esterne<\/strong><\/p>\n\n\n\n<p>Questi servizi permettono di visualizzare contenuti ospitati su piattaforme esterne direttamente dalle pagine di questa Applicazione e di interagire con essi. Nel caso in cui sia installato un servizio di questo tipo, \u00e8 possibile che, anche nel caso gli Utenti non utilizzino il servizio, lo stesso raccolga dati di traffico relativi alle pagine in cui \u00e8 installato.<\/p>\n\n\n\n<p><strong>GoogleFonts (Google Inc.)<\/strong><\/p>\n\n\n\n<p>Google Fonts \u00e8 un servizio di visualizzazione di stili di carattere gestito da Google Inc. che permette a questa Applicazione di integrare tali contenuti all\u2019interno delle proprie pagine.<\/p>\n\n\n\n<ul class=\"wp-block-list\"><li>&nbsp;Dati personali raccolti: Cookie e Dati di utilizzo<\/li><li>&nbsp;Luogo del trattamento: 1600 Amphitheatre Parkway Mountain View \u2013 CA94043 USA<\/li><li>&nbsp;<a href=\"http:\/\/www.google.com\/intl\/it\/policies\/privacy\/\" target=\"_blank\" rel=\"noreferrer noopener\">normativa privacy<\/a><\/li><li>&nbsp;<a href=\"https:\/\/tools.google.com\/dlpage\/gaoptout?hl=it\" target=\"_blank\" rel=\"noreferrer noopener\">revoca<\/a><\/li><\/ul>\n\n\n\n<p><strong>Contattare l\u2019utente<\/strong><\/p>\n\n\n\n<p><strong>Modulo di contatto (This Application)<\/strong><\/p>\n\n\n\n<p>L\u2019Utente, compilando con i propri Dati il modulo di contatto, acconsente al loro utilizzo per rispondere alle richieste di informazioni, di preventivo, o di qualunque altra natura indicata dall\u2019intestazione del modulo.<\/p>\n\n\n\n<ul class=\"wp-block-list\"><li>&nbsp;Dati personali raccolti: Nome, Cognome, Numero di Telefono, Indirizzo, CAP, Provincia, Nazione, Stato e Email<\/li><li>&nbsp;Luogo del trattamento: Europe<\/li><\/ul>\n\n\n\n<p><strong>Monitoraggio infrastruttura<\/strong><\/p>\n\n\n\n<p>Questi servizi permettono a questa Applicazione di monitorare l\u2019utilizzo ed il comportamento di componenti della stessa, per consentirne il miglioramento delle prestazioni e delle funzionalit\u00e0, la manutenzione o la risoluzione di problemi.<\/p>\n\n\n\n<p><strong>Azure Applications Insights (Microsoft Inc.)<\/strong><\/p>\n\n\n\n<p>Azure Applications \u00e8 un servizio di monitoraggio fornito da Microsoft Inc. Le modalit\u00e0 di integrazione del servizio prevedono che questo filtri tutto il traffico di questa Applicazione, ossia le comunicazioni fra questa Applicazione ed il browser o il device dell\u2019Utente, permettendo anche la raccolta di dati statistici su di esso.<\/p>\n\n\n\n<ul class=\"wp-block-list\"><li>&nbsp;Dati personali raccolti: Cookie e Dati di utilizzo<\/li><li>&nbsp;Luogo del trattamento: USA<\/li><li>&nbsp;<a href=\"https:\/\/docs.microsoft.com\/it-it\/azure\/application-insights\/app-insights-data-retention-privacy\" target=\"_blank\" rel=\"noreferrer noopener\">normativa privacy<\/a><\/li><\/ul>\n\n\n\n<p><strong>Statistica<\/strong><\/p>\n\n\n\n<p>I servizi contenuti nella presente sezione permettono al Titolare del Trattamento di monitorare e analizzare i dati di traffico e servono a tener traccia del comportamento dell\u2019Utente.<\/p>\n\n\n\n<p><strong>Google Analytics (Google Inc.)<\/strong><\/p>\n\n\n\n<p>Google Analytics \u00e8 un servizio di analisi web fornito da Google Inc. (\u201cGoogle\u201d). Google utilizza i Dati Personali raccolti allo scopo di tracciare ed esaminare l\u2019utilizzo di questa Applicazione, compilare report e condividerli con gli altri servizi sviluppati da Google. Google potrebbe utilizzare i Dati Personali per contestualizzare e personalizzare gli annunci del proprio network pubblicitario.<\/p>\n\n\n\n<p><strong>Monitoraggio conversioni di Google AdWords (Google Inc.)<\/strong><\/p>\n\n\n\n<p>Il monitoraggio conversioni di Google AdWords \u00e8 un servizio di statistiche fornito da Google Inc. che collega i dati provenienti dal network di annunci Google AdWords con le azioni compiute all\u2019interno di questa Applicazione.<\/p>\n\n\n\n<ul class=\"wp-block-list\"><li>&nbsp;Dati personali raccolti: Cookie e Dati di utilizzo<\/li><li>&nbsp;Luogo del trattamento: 1600 Amphitheatre Parkway Mountain View \u2013 CA94043 USA<\/li><li>&nbsp;<a href=\"http:\/\/www.google.com\/intl\/it\/policies\/privacy\/\" target=\"_blank\" rel=\"noreferrer noopener\">normativa privacy<\/a><\/li><li>&nbsp;<a href=\"https:\/\/tools.google.com\/dlpage\/gaoptout?hl=it\" target=\"_blank\" rel=\"noreferrer noopener\">revoca<\/a><\/li><\/ul>\n\n\n\n<p><strong>Remarketing e Behavioral Targeting<\/strong><\/p>\n\n\n\n<p>Questi servizi consentono a questa Applicazione ed ai suoi partner di comunicare, ottimizzare e servire annunci pubblicitari basati sull\u2019utilizzo passato di questa Applicazione da parte dell\u2019Utente. Questa attivit\u00e0 viene effettuata tramite il tracciamento dei Dati di Utilizzo e l\u2019uso di Cookie, informazioni che vengono trasferite ai partner a cui l\u2019attivit\u00e0 di remarketing e behavioral targeting \u00e8 collegata.<\/p>\n\n\n\n<p><strong>AdWords Remarketing (Google Inc.)<\/strong><\/p>\n\n\n\n<p>AdWords Remarketing \u00e8 un servizio di Remarketing e Behavioral Targeting fornito da Google Inc. che collega l\u2019attivit\u00e0 di questa Applicazione con il network di advertising Adwords ed il Cookie Doubleclick.<\/p>\n\n\n\n<ul class=\"wp-block-list\"><li>&nbsp;Dati personali raccolti: Cookie e Dati di utilizzo<\/li><li>&nbsp;Luogo del trattamento: 1600 Amphitheatre Parkway Mountain View \u2013 CA94043 USA<\/li><li>&nbsp;<a href=\"http:\/\/www.google.com\/intl\/it\/policies\/privacy\/\" target=\"_blank\" rel=\"noreferrer noopener\">normativa privacy<\/a><\/li><li>&nbsp;<a href=\"https:\/\/tools.google.com\/dlpage\/gaoptout?hl=it\" target=\"_blank\" rel=\"noreferrer noopener\">revoca<\/a><\/li><\/ul>\n\n\n\n<p><strong>Widget e servizi di terze parti<\/strong><\/p>\n\n\n\n<p>Alcuni dei servizi elencati di seguito raccolgono statistiche in forma aggregata e potrebbero non richiedere il consenso dell\u2019Utente. Questi potrebbero \u2013 in aggiunta a quanto specificato ed anche all\u2019insaputa del Titolare \u2013 compiere attivit\u00e0 di tracciamento dell\u2019Utente. Per informazioni in merito, si consiglia di consultare le privacy policy dei servizi elencati.<\/p>\n\n\n\n<p><strong>Google Maps (Google Inc.)<\/strong><\/p>\n\n\n\n<p>Il servizio di Google Maps permette la visualizzazione e l\u2019interazione con le mappe offerte da Google Inc<\/p>\n\n\n\n<ul class=\"wp-block-list\"><li>&nbsp;Dati personali raccolti: Cookie e Dati di utilizzo<\/li><li>&nbsp;Luogo del trattamento: 1600 Amphitheatre Parkway Mountain View \u2013 CA94043 USA<\/li><li>&nbsp;<a href=\"http:\/\/www.google.com\/intl\/it\/policies\/privacy\/\" target=\"_blank\" rel=\"noreferrer noopener\">normativa privacy<\/a><\/li><\/ul>\n\n\n\n<p><strong>Diritto di accesso dell\u2019interessato<\/strong><\/p>\n\n\n\n<p>L\u2019Interessato ha il diritto di ottenere dal Titolare o Responsabile del trattamento la conferma che sia o meno in corso un trattamento di dati personali che lo riguardano e in tal caso, di ottenere l\u2019accesso ai dati personali e alle seguenti informazioni:<\/p>\n\n\n\n<ul class=\"wp-block-list\"><li>Le finalit\u00e0 del trattamento;<\/li><li>Le categorie di dati personali in questione;<\/li><li>I destinatari o le categorie di destinatari a cui i dati personali sono stati o saranno comunicati, in particolare se destinatari di paesi terzi o organizzazioni internazionali;<\/li><li>Quando possibile, il periodo di conservazione dei dati personali previsto oppure, se non \u00e8 possibile, i criteri utilizzati per determinare tale periodo;<\/li><li>L\u2019esistenza del diritto dell\u2019interessato di chiedere al Titolare del trattamento la rettifica o la cancellazione dei dati personali o la limitazione del trattamento dei dati personali che lo riguardano o di opporsi al loro trattamento;<\/li><li>Il diritto di proporre reclamo a un\u2019autorit\u00e0 di controllo;<\/li><li>Qualora i dati non siano raccolti presso l\u2019interessato, tutte le informazioni disponibili sulla loro origine;<\/li><li>L\u2019esistenza di un processo decisionale automatizzato, compresa la profilazione.<\/li><\/ul>\n\n\n\n<p>Qualora i dati personali siano trasferiti a un paese terzo o a un\u2019organizzazione internazionale, l\u2019interessato ha il diritto di essere informato dell\u2019esistenza di garanzie adeguate ai sensi delle vigenti normative in materia, relative al trasferimento.<\/p>\n\n\n\n<p>Il Titolare o Responsabile del trattamento fornisce una copia dei dati personali oggetto di trattamento. In caso di ulteriori copie richieste dall\u2019interessato, il Titolare o Responsabile del trattamento pu\u00f2 addebitare un contributo spese ragionevole basato sui costi amministrativi. Se l\u2019interessato presenta la richiesta mediante mezzi elettronici, e salvo indicazione diversa dell\u2019interessato, le informazioni sono fornite in un formato elettronico di uso comune. l diritto di ottenere una copia dei dati personali oggetto di trattamento non deve ledere i diritti e le libert\u00e0 altrui.<\/p>\n\n\n\n<p><strong>Modifiche alla policy<\/strong><\/p>\n\n\n\n<p>Il Titolare del Trattamento si riserva il diritto di apportare modifiche alla presente policy in qualunque momento dandone pubblicit\u00e0 agli Utenti su questa pagina. Si prega dunque di consultare spesso questa pagina, prendendo come riferimento la data di ultima modifica indicata in fondo. Nel caso di mancata accettazione delle modifiche apportate alla presente privacy policy, l\u2019Utente \u00e8 tenuto a cessare l\u2019utilizzo di questa Applicazione e pu\u00f2 richiedere al Titolare del Trattamento di rimuovere i propri Dati Personali. Salvo quanto diversamente specificato, la precedente privacy policy continuer\u00e0 ad applicarsi ai Dati Personali sino a quel momento raccolti.<\/p>","protected":false},"excerpt":{"rendered":"<p>La presente informativa \u00e8 redatta sulla base di molteplici ordinamenti legislativi, inclusi gli artt. 13 e 14 del Regolamento (UE) 2016\/679 e spiega in che modo utilizziamo e gestiamo i tuoi dati personali. Ti spiegheremo anche come contattarci in caso tu abbia domande a proposito dei tuoi dati personali. Titolare del Trattamento dei Dati SCOGLIERA [&hellip;]<\/p>\n","protected":false},"author":1,"featured_media":0,"parent":0,"menu_order":0,"comment_status":"closed","ping_status":"open","template":"","meta":{"footnotes":""},"class_list":["post-3","page","type-page","status-publish","hentry"],"_links":{"self":[{"href":"https:\/\/mulinodacqua.com\/en\/wp-json\/wp\/v2\/pages\/3","targetHints":{"allow":["GET"]}}],"collection":[{"href":"https:\/\/mulinodacqua.com\/en\/wp-json\/wp\/v2\/pages"}],"about":[{"href":"https:\/\/mulinodacqua.com\/en\/wp-json\/wp\/v2\/types\/page"}],"author":[{"embeddable":true,"href":"https:\/\/mulinodacqua.com\/en\/wp-json\/wp\/v2\/users\/1"}],"replies":[{"embeddable":true,"href":"https:\/\/mulinodacqua.com\/en\/wp-json\/wp\/v2\/comments?post=3"}],"version-history":[{"count":1,"href":"https:\/\/mulinodacqua.com\/en\/wp-json\/wp\/v2\/pages\/3\/revisions"}],"predecessor-version":[{"id":1428,"href":"https:\/\/mulinodacqua.com\/en\/wp-json\/wp\/v2\/pages\/3\/revisions\/1428"}],"wp:attachment":[{"href":"https:\/\/mulinodacqua.com\/en\/wp-json\/wp\/v2\/media?parent=3"}],"curies":[{"name":"wp","href":"https:\/\/api.w.org\/{rel}","templated":true}]}}